{"id":1779,"date":"2024-04-04T07:44:57","date_gmt":"2024-04-04T05:44:57","guid":{"rendered":"https:\/\/mkp.lu\/contact\/"},"modified":"2024-11-08T11:00:06","modified_gmt":"2024-11-08T09:00:06","slug":"contact","status":"publish","type":"page","link":"https:\/\/mkp.lu\/en\/contact\/","title":{"rendered":"Contact"},"content":{"rendered":"<p>[et_pb_section fb_built=&#8221;1&#8243; custom_padding_last_edited=&#8221;on|phone&#8221; _builder_version=&#8221;4.24.2&#8243; _module_preset=&#8221;default&#8221; background_color=&#8221;#1a2023&#8243; background_image=&#8221;https:\/\/mkp.lu\/wp-content\/uploads\/2024\/04\/Image-de-bois-pour-page-contact.jpg&#8221; parallax=&#8221;on&#8221; custom_padding=&#8221;||100px||false|false&#8221; custom_padding_tablet=&#8221;||100px||false|false&#8221; custom_padding_phone=&#8221;||90px||false|false&#8221; background_last_edited=&#8221;off|desktop&#8221; background_image_width_tablet=&#8221;100%&#8221; background_image_width_phone=&#8221;100%&#8221; background_image_height_tablet=&#8221;100%&#8221; background_image_height_phone=&#8221;100%&#8221; global_colors_info=&#8221;{}&#8221;][et_pb_row column_structure=&#8221;1_2,1_2&#8243; _builder_version=&#8221;4.24.2&#8243; _module_preset=&#8221;default&#8221; width_tablet=&#8221;&#8221; width_phone=&#8221;90%&#8221; width_last_edited=&#8221;on|phone&#8221; custom_padding=&#8221;0px||0px||false|false&#8221; global_colors_info=&#8221;{}&#8221;][et_pb_column type=&#8221;1_2&#8243; _builder_version=&#8221;4.24.2&#8243; _module_preset=&#8221;default&#8221; background_color=&#8221;#1a1f23&#8243; z_index=&#8221;10&#8243; custom_padding=&#8221;40px|40px|40px|40px|false|false&#8221; box_shadow_style=&#8221;preset1&#8243; box_shadow_vertical=&#8221;40px&#8221; box_shadow_blur=&#8221;100px&#8221; box_shadow_color=&#8221;rgba(0,0,0,0.8)&#8221; global_colors_info=&#8221;{}&#8221;][et_pb_text _builder_version=&#8221;4.24.2&#8243; _module_preset=&#8221;default&#8221; text_font=&#8221;Inter|300||on|||||&#8221; text_text_color=&#8221;#c7b9ac&#8221; text_font_size=&#8221;12px&#8221; text_letter_spacing=&#8221;4px&#8221; text_line_height=&#8221;20px&#8221; width=&#8221;573px&#8221; height=&#8221;20px&#8221; global_colors_info=&#8221;{}&#8221;]<\/p>\n<p>Carpentry kraemer<\/p>\n<p>[\/et_pb_text][et_pb_text _builder_version=&#8221;4.24.2&#8243; _module_preset=&#8221;default&#8221; text_font=&#8221;Playfair Display|600|||||||&#8221; text_text_color=&#8221;#c7b9ac&#8221; text_font_size=&#8221;70px&#8221; text_line_height=&#8221;76px&#8221; header_font=&#8221;Playfair Display|700|||||||&#8221; header_text_color=&#8221;#c7b9ac&#8221; header_font_size=&#8221;60px&#8221; header_line_height=&#8221;60px&#8221; width=&#8221;100%&#8221; width_tablet=&#8221;100%&#8221; width_phone=&#8221;auto&#8221; width_last_edited=&#8221;on|desktop&#8221; height_tablet=&#8221;152px&#8221; height_phone=&#8221;auto&#8221; height_last_edited=&#8221;off|desktop&#8221; custom_margin=&#8221;||15px||false|false&#8221; custom_margin_tablet=&#8221;||0px||false|false&#8221; custom_margin_phone=&#8221;||0px||false|false&#8221; custom_margin_last_edited=&#8221;on|desktop&#8221; text_font_size_tablet=&#8221;54px&#8221; text_font_size_phone=&#8221;23px&#8221; text_font_size_last_edited=&#8221;on|desktop&#8221; text_line_height_tablet=&#8221;54px&#8221; text_line_height_phone=&#8221;35px&#8221; text_line_height_last_edited=&#8221;on|phone&#8221; header_font_size_tablet=&#8221;54px&#8221; header_font_size_phone=&#8221;30px&#8221; header_font_size_last_edited=&#8221;on|phone&#8221; header_line_height_tablet=&#8221;54px&#8221; header_line_height_phone=&#8221;30px&#8221; header_line_height_last_edited=&#8221;on|tablet&#8221; global_colors_info=&#8221;{}&#8221;]<\/p>\n<h1><span style=\"color: #ff5500;\">Contact<\/span><\/h1>\n<p>[\/et_pb_text][et_pb_text _builder_version=&#8221;4.25.0&#8243; _module_preset=&#8221;default&#8221; text_font=&#8221;Inter|300|||||||&#8221; text_text_color=&#8221;#6b7280&#8243; text_font_size=&#8221;16px&#8221; text_line_height=&#8221;28px&#8221; width=&#8221;100%&#8221; width_tablet=&#8221;75%&#8221; width_phone=&#8221;100%&#8221; width_last_edited=&#8221;off|desktop&#8221; height_tablet=&#8221;auto&#8221; height_phone=&#8221;auto&#8221; height_last_edited=&#8221;off|desktop&#8221; custom_margin=&#8221;0px||0px||false|false&#8221; custom_padding=&#8221;0px||0px||false|false&#8221; global_colors_info=&#8221;{}&#8221;]<\/p>\n<p>Need advice or ready to make your project a reality? Contact us and let us bring your ideas to life! <\/p>\n<p>[\/et_pb_text][\/et_pb_column][et_pb_column type=&#8221;1_2&#8243; _builder_version=&#8221;4.24.2&#8243; _module_preset=&#8221;default&#8221; global_colors_info=&#8221;{}&#8221;][\/et_pb_column][\/et_pb_row][\/et_pb_section][et_pb_section fb_built=&#8221;1&#8243; custom_padding_last_edited=&#8221;on|desktop&#8221; _builder_version=&#8221;4.24.2&#8243; _module_preset=&#8221;default&#8221; background_color=&#8221;#1a2023&#8243; background_enable_image=&#8221;off&#8221; background_size=&#8221;custom&#8221; background_image_width=&#8221;33%&#8221; background_image_height=&#8221;100%&#8221; background_position=&#8221;bottom_left&#8221; background_horizontal_offset=&#8221;23%&#8221; custom_padding=&#8221;100px||100px||false|false&#8221; custom_padding_tablet=&#8221;100px||100px||false|false&#8221; custom_padding_phone=&#8221;90px||90px||false|false&#8221; background_last_edited=&#8221;off|desktop&#8221; background_image_width_tablet=&#8221;80%&#8221; background_image_height_tablet=&#8221;75%&#8221; background_horizontal_offset_tablet=&#8221;15%&#8221; global_colors_info=&#8221;{}&#8221;][et_pb_row column_structure=&#8221;1_2,1_2&#8243; use_custom_gutter=&#8221;on&#8221; gutter_width=&#8221;1&#8243; make_equal=&#8221;on&#8221; module_class=&#8221;reverse&#8221; _builder_version=&#8221;4.25.0&#8243; _module_preset=&#8221;default&#8221; width_tablet=&#8221;&#8221; width_phone=&#8221;90%&#8221; width_last_edited=&#8221;on|phone&#8221; custom_margin=&#8221;0px||0px||false|false&#8221; custom_padding=&#8221;0px||0px||false|false&#8221; global_colors_info=&#8221;{}&#8221;][et_pb_column type=&#8221;1_2&#8243; _builder_version=&#8221;4.25.0&#8243; _module_preset=&#8221;default&#8221; use_background_color_gradient=&#8221;on&#8221; background_color_gradient_stops=&#8221;#1a1f23 0%|#161920 100%&#8221; background_image=&#8221;https:\/\/mkp.lu\/wp-content\/uploads\/2024\/04\/image-bois-fond-contact.jpg&#8221; background_blend=&#8221;soft-light&#8221; z_index=&#8221;10&#8243; custom_padding=&#8221;60px|40px|60px|40px|true|true&#8221; custom_padding_tablet=&#8221;60px|40px|60px|40px|true|true&#8221; custom_padding_phone=&#8221;35px|15px|35px|15px|true|true&#8221; custom_padding_last_edited=&#8221;on|phone&#8221; global_colors_info=&#8221;{}&#8221;][et_pb_text _builder_version=&#8221;4.24.2&#8243; _module_preset=&#8221;default&#8221; text_font=&#8221;Playfair Display||||||||&#8221; text_text_color=&#8221;#c7b9ac&#8221; text_font_size=&#8221;48px&#8221; text_line_height=&#8221;56px&#8221; header_2_text_color=&#8221;#C7B9AC&#8221; header_2_font_size=&#8221;24px&#8221; width=&#8221;100%&#8221; width_tablet=&#8221;90%&#8221; width_phone=&#8221;100%&#8221; width_last_edited=&#8221;off|desktop&#8221; height_tablet=&#8221;112px&#8221; height_phone=&#8221;auto&#8221; height_last_edited=&#8221;off|desktop&#8221; custom_margin=&#8221;||30px||false|false&#8221; header_2_font_size_tablet=&#8221;20px&#8221; header_2_font_size_phone=&#8221;21px&#8221; header_2_font_size_last_edited=&#8221;on|phone&#8221; header_2_text_shadow_style=&#8221;preset3&#8243; global_colors_info=&#8221;{}&#8221;]<\/p>\n<h2>Contact information<\/h2>\n<p>[\/et_pb_text][et_pb_divider color=&#8221;#C7B9AC&#8221; _builder_version=&#8221;4.24.2&#8243; _module_preset=&#8221;default&#8221; global_colors_info=&#8221;{}&#8221;][\/et_pb_divider][et_pb_blurb use_icon=&#8221;on&#8221; font_icon=&#8221;&#xe081;||divi||400&#8243; icon_color=&#8221;#FF5500&#8243; icon_placement=&#8221;left&#8221; image_icon_width=&#8221;20px&#8221; _builder_version=&#8221;4.24.2&#8243; _module_preset=&#8221;default&#8221; body_text_color=&#8221;#C7B9AC&#8221; body_font_size=&#8221;18px&#8221; body_link_font=&#8221;|300|||on|||#FF5500|&#8221; body_link_text_color=&#8221;#FF5500&#8243; custom_padding=&#8221;||20px||false|false&#8221; global_colors_info=&#8221;{}&#8221; body_link_text_color__hover_enabled=&#8221;off|desktop&#8221; body_link_text_color__hover=&#8221;#C7B9AC&#8221;]<\/p>\n<p><strong>Kraemer joinery<a href=\"#map\"><br \/><\/a><\/strong><a href=\"#map\">8, Fraeschegaassm<\/a><br \/><a href=\"#map\">L-9353 Bettendorf Luxembourg<\/a><\/p>\n<p>[\/et_pb_blurb][et_pb_blurb use_icon=&#8221;on&#8221; font_icon=&#8221;&#xf095;||fa||900&#8243; icon_color=&#8221;#FF5500&#8243; icon_placement=&#8221;left&#8221; image_icon_width=&#8221;20px&#8221; _builder_version=&#8221;4.24.2&#8243; _module_preset=&#8221;default&#8221; body_text_color=&#8221;#C7B9AC&#8221; body_font_size=&#8221;18px&#8221; body_link_font=&#8221;|300|||on|||#FF5500|&#8221; body_link_text_color=&#8221;#FF5500&#8243; custom_padding=&#8221;||20px||false|false&#8221; global_colors_info=&#8221;{}&#8221; body_link_text_color__hover_enabled=&#8221;off|desktop&#8221; body_link_text_color__hover=&#8221;#C7B9AC&#8221;]<\/p>\n<p><strong>Phone<\/strong><br \/><a href=\"tel:+3528092181\">(+352) 80 92 18 1<\/a><\/p>\n<p>[\/et_pb_blurb][et_pb_blurb use_icon=&#8221;on&#8221; font_icon=&#8221;&#xf086;||fa||900&#8243; icon_color=&#8221;#FF5500&#8243; icon_placement=&#8221;left&#8221; image_icon_width=&#8221;20px&#8221; _builder_version=&#8221;4.24.2&#8243; _module_preset=&#8221;default&#8221; body_text_color=&#8221;#C7B9AC&#8221; body_font_size=&#8221;18px&#8221; body_link_font=&#8221;|300|||on|||#FF5500|&#8221; body_link_text_color=&#8221;#FF5500&#8243; custom_padding=&#8221;||20px||false|false&#8221; global_colors_info=&#8221;{}&#8221; body_link_text_color__hover_enabled=&#8221;off|desktop&#8221; body_link_text_color__hover=&#8221;#C7B9AC&#8221;]<\/p>\n<p><strong>E-mail<br \/><\/strong><a href=\"mailto:info@mkp.lu\">info@mkp.lu<\/a><\/p>\n<p>[\/et_pb_blurb][et_pb_blurb use_icon=&#8221;on&#8221; font_icon=&#8221;&#xe06b;||divi||400&#8243; icon_color=&#8221;#FF5500&#8243; icon_placement=&#8221;left&#8221; image_icon_width=&#8221;20px&#8221; _builder_version=&#8221;4.24.2&#8243; _module_preset=&#8221;default&#8221; body_font=&#8221;|300|||||||&#8221; body_text_color=&#8221;#C7B9AC&#8221; body_font_size=&#8221;18px&#8221; body_link_font=&#8221;|300|||on|||#FF5500|&#8221; body_link_text_color=&#8221;#FF5500&#8243; custom_padding=&#8221;||20px||false|false&#8221; global_colors_info=&#8221;{}&#8221; body_link_text_color__hover_enabled=&#8221;off|desktop&#8221; body_link_text_color__hover=&#8221;#C7B9AC&#8221;]<strong>Monday to Friday<\/strong><span style=\"color: #ff5500;\">07:30 &#8211; 12:00, 12:30 &#8211; 17:00<\/span>[\/et_pb_blurb][\/et_pb_column][et_pb_column type=&#8221;1_2&#8243; _builder_version=&#8221;4.24.2&#8243; _module_preset=&#8221;default&#8221; background_color=&#8221;#161920&#8243; background_image=&#8221;https:\/\/mkp.lu\/wp-content\/uploads\/2024\/04\/Frame-1000002625-1.png&#8221; custom_padding=&#8221;60px|40px|60px|40px|true|true&#8221; custom_padding_tablet=&#8221;60px|40px|60px|40px|true|true&#8221; custom_padding_phone=&#8221;35px|15px|35px|15px|true|true&#8221; custom_padding_last_edited=&#8221;on|phone&#8221; global_colors_info=&#8221;{}&#8221;][et_pb_text _builder_version=&#8221;4.24.2&#8243; _module_preset=&#8221;default&#8221; text_font=&#8221;Playfair Display||||||||&#8221; text_text_color=&#8221;#c7b9ac&#8221; text_font_size=&#8221;48px&#8221; text_line_height=&#8221;56px&#8221; header_2_text_color=&#8221;#C7B9AC&#8221; header_2_font_size=&#8221;30px&#8221; width=&#8221;100%&#8221; width_tablet=&#8221;90%&#8221; width_phone=&#8221;100%&#8221; width_last_edited=&#8221;off|desktop&#8221; height_tablet=&#8221;112px&#8221; height_phone=&#8221;auto&#8221; height_last_edited=&#8221;off|desktop&#8221; custom_margin=&#8221;||30px||false|false&#8221; header_2_font_size_tablet=&#8221;35px&#8221; header_2_font_size_phone=&#8221;24px&#8221; header_2_font_size_last_edited=&#8221;on|phone&#8221; global_colors_info=&#8221;{}&#8221;]<\/p>\n<h2>Fill in our online contact form<\/h2>\n<p>[\/et_pb_text][et_pb_contact_form captcha=&#8221;off&#8221; email=&#8221;info@mkp.lu&#8221; custom_message=&#8221;Hello, here is a new contact request from your site menuiseriekraemer.(lu)\/contact.||et_pb_line_break_holder||||et_pb_line_break_holder|Nom &amp; Pr\u00e9nom : %%Nom%%||et_pb_line_break_holder||||et_pb_line_break_holder||T\u00e9l\u00e9phone : %%T\u00e9l\u00e9phone%%||et_pb_line_break_holder||||et_pb_line_break_holder|E-mail: %%Email%%||et_pb_line_break_holder||||et_pb_line_break_holder||Message: %%Message%%||et_pb_line_break_holder||||et_pb_line_break_holder|The prospect has accepted the GDPR conditions:||et_pb_line_break_holder||||et_pb_line_break_holder|GDPR: %%GDPR%%||et_pb_line_break_holder||||et_pb_line_break_holder|Thank you for replying as soon as possible.&#8221; use_redirect=&#8221;on&#8221; redirect_url=&#8221;https:\/\/mkp.lu\/en\/?page_id=1758&#8243; success_message=&#8221;Thank you!&#8221; submit_button_text=&#8221;Send&#8221; module_class=&#8221;dm-contact-form-submit-fullwidth&#8221; _builder_version=&#8221;4.27.0&#8243; _module_preset=&#8221;default&#8221; _unique_id=&#8221;30d117f4-d27f-402c-ab9e-24c97fd23da8&#8243; title_font=&#8221;Inter||||||||&#8221; captcha_font=&#8221;Inter||||||||&#8221; form_field_font=&#8221;Inter||||||||&#8221; custom_button=&#8221;on&#8221; button_text_size=&#8221;16px&#8221; button_text_color=&#8221;#ff5500&#8243; button_border_width=&#8221;1px&#8221; button_border_radius=&#8221;0px&#8221; button_letter_spacing=&#8221;5%&#8221; button_font=&#8221;Inter||||||||&#8221; button_use_icon=&#8221;off&#8221; button_custom_padding=&#8221;14px|40px|14px|40px|true|true&#8221; button_text_size_tablet=&#8221;16px&#8221; button_text_size_phone=&#8221;16px&#8221; button_text_size_last_edited=&#8221;on|desktop&#8221; global_colors_info=&#8221;{}&#8221; button_text_color__hover=&#8221;#FFFFFF&#8221; button_text_color__hover_enabled=&#8221;on|desktop&#8221; button_bg_color__hover=&#8221;#ff5500&#8243; button_bg_color__hover_enabled=&#8221;on|hover&#8221;][et_pb_contact_field field_id=&#8221;Nom&#8221; field_title=&#8221;*First &amp; last name&#8221; fullwidth_field=&#8221;on&#8221; _builder_version=&#8221;4.24.2&#8243; global_colors_info=&#8221;{}&#8221; button_text_size__hover_enabled=&#8221;off&#8221; button_one_text_size__hover_enabled=&#8221;off&#8221; button_two_text_size__hover_enabled=&#8221;off&#8221; button_text_color__hover_enabled=&#8221;off&#8221; button_one_text_color__hover_enabled=&#8221;off&#8221; button_two_text_color__hover_enabled=&#8221;off&#8221; button_border_width__hover_enabled=&#8221;off&#8221; button_one_border_width__hover_enabled=&#8221;off&#8221; button_two_border_width__hover_enabled=&#8221;off&#8221; button_border_color__hover_enabled=&#8221;off&#8221; button_one_border_color__hover_enabled=&#8221;off&#8221; button_two_border_color__hover_enabled=&#8221;off&#8221; button_border_radius__hover_enabled=&#8221;off&#8221; button_one_border_radius__hover_enabled=&#8221;off&#8221; button_two_border_radius__hover_enabled=&#8221;off&#8221; button_letter_spacing__hover_enabled=&#8221;off&#8221; button_one_letter_spacing__hover_enabled=&#8221;off&#8221; button_two_letter_spacing__hover_enabled=&#8221;off&#8221; button_bg_color__hover_enabled=&#8221;off&#8221; button_one_bg_color__hover_enabled=&#8221;off&#8221; button_two_bg_color__hover_enabled=&#8221;off&#8221;][\/et_pb_contact_field][et_pb_contact_field field_id=&#8221;T\u00e9l\u00e9phone&#8221; field_title=&#8221;*Telephone&#8221; _builder_version=&#8221;4.24.2&#8243; global_colors_info=&#8221;{}&#8221; button_text_size__hover_enabled=&#8221;off&#8221; button_one_text_size__hover_enabled=&#8221;off&#8221; button_two_text_size__hover_enabled=&#8221;off&#8221; button_text_color__hover_enabled=&#8221;off&#8221; button_one_text_color__hover_enabled=&#8221;off&#8221; button_two_text_color__hover_enabled=&#8221;off&#8221; button_border_width__hover_enabled=&#8221;off&#8221; button_one_border_width__hover_enabled=&#8221;off&#8221; button_two_border_width__hover_enabled=&#8221;off&#8221; button_border_color__hover_enabled=&#8221;off&#8221; button_one_border_color__hover_enabled=&#8221;off&#8221; button_two_border_color__hover_enabled=&#8221;off&#8221; button_border_radius__hover_enabled=&#8221;off&#8221; button_one_border_radius__hover_enabled=&#8221;off&#8221; button_two_border_radius__hover_enabled=&#8221;off&#8221; button_letter_spacing__hover_enabled=&#8221;off&#8221; button_one_letter_spacing__hover_enabled=&#8221;off&#8221; button_two_letter_spacing__hover_enabled=&#8221;off&#8221; button_bg_color__hover_enabled=&#8221;off&#8221; button_one_bg_color__hover_enabled=&#8221;off&#8221; button_two_bg_color__hover_enabled=&#8221;off&#8221;][\/et_pb_contact_field][et_pb_contact_field field_id=&#8221;Email&#8221; field_title=&#8221;*E-mail&#8221; field_type=&#8221;email&#8221; _builder_version=&#8221;4.24.2&#8243; global_colors_info=&#8221;{}&#8221; button_text_size__hover_enabled=&#8221;off&#8221; button_one_text_size__hover_enabled=&#8221;off&#8221; button_two_text_size__hover_enabled=&#8221;off&#8221; button_text_color__hover_enabled=&#8221;off&#8221; button_one_text_color__hover_enabled=&#8221;off&#8221; button_two_text_color__hover_enabled=&#8221;off&#8221; button_border_width__hover_enabled=&#8221;off&#8221; button_one_border_width__hover_enabled=&#8221;off&#8221; button_two_border_width__hover_enabled=&#8221;off&#8221; button_border_color__hover_enabled=&#8221;off&#8221; button_one_border_color__hover_enabled=&#8221;off&#8221; button_two_border_color__hover_enabled=&#8221;off&#8221; button_border_radius__hover_enabled=&#8221;off&#8221; button_one_border_radius__hover_enabled=&#8221;off&#8221; button_two_border_radius__hover_enabled=&#8221;off&#8221; button_letter_spacing__hover_enabled=&#8221;off&#8221; button_one_letter_spacing__hover_enabled=&#8221;off&#8221; button_two_letter_spacing__hover_enabled=&#8221;off&#8221; button_bg_color__hover_enabled=&#8221;off&#8221; button_one_bg_color__hover_enabled=&#8221;off&#8221; button_two_bg_color__hover_enabled=&#8221;off&#8221;][\/et_pb_contact_field][et_pb_contact_field field_id=&#8221;Message&#8221; field_title=&#8221;*Message&#8221; field_type=&#8221;text&#8221; fullwidth_field=&#8221;on&#8221; _builder_version=&#8221;4.24.2&#8243; global_colors_info=&#8221;{}&#8221; button_text_size__hover_enabled=&#8221;off&#8221; button_one_text_size__hover_enabled=&#8221;off&#8221; button_two_text_size__hover_enabled=&#8221;off&#8221; button_text_color__hover_enabled=&#8221;off&#8221; button_one_text_color__hover_enabled=&#8221;off&#8221; button_two_text_color__hover_enabled=&#8221;off&#8221; button_border_width__hover_enabled=&#8221;off&#8221; button_one_border_width__hover_enabled=&#8221;off&#8221; button_two_border_width__hover_enabled=&#8221;off&#8221; button_border_color__hover_enabled=&#8221;off&#8221; button_one_border_color__hover_enabled=&#8221;off&#8221; button_two_border_color__hover_enabled=&#8221;off&#8221; button_border_radius__hover_enabled=&#8221;off&#8221; button_one_border_radius__hover_enabled=&#8221;off&#8221; button_two_border_radius__hover_enabled=&#8221;off&#8221; button_letter_spacing__hover_enabled=&#8221;off&#8221; button_one_letter_spacing__hover_enabled=&#8221;off&#8221; button_two_letter_spacing__hover_enabled=&#8221;off&#8221; button_bg_color__hover_enabled=&#8221;off&#8221; button_one_bg_color__hover_enabled=&#8221;off&#8221; button_two_bg_color__hover_enabled=&#8221;off&#8221;][\/et_pb_contact_field][et_pb_contact_field field_id=&#8221;GDPR&#8221; field_title=&#8221; &#8221; field_type=&#8221;checkbox&#8221; checkbox_options=&#8221;%91{%22value%22:%22*By checking this box, I confirm that I have read the policy on the processing\\\/storage of my personal data.  %22,%22checked%22:0,%22dragID%22:-1}%93&#8243; fullwidth_field=&#8221;on&#8221; _builder_version=&#8221;4.24.2&#8243; _module_preset=&#8221;default&#8221; form_field_background_color=&#8221;RGBA(255,255,255,0)&#8221; form_field_text_color=&#8221;#6B7280&#8243; form_field_focus_background_color=&#8221;RGBA(255,255,255,0)&#8221; form_field_focus_text_color=&#8221;#FF5500&#8243; form_field_font_size=&#8221;12px&#8221; border_width_all=&#8221;2px&#8221; border_color_all=&#8221;#6B7280&#8243; global_colors_info=&#8221;{}&#8221;][\/et_pb_contact_field][\/et_pb_contact_form][\/et_pb_column][\/et_pb_row][\/et_pb_section][et_pb_section fb_built=&#8221;1&#8243; custom_padding_last_edited=&#8221;on|desktop&#8221; module_id=&#8221;map&#8221; _builder_version=&#8221;4.24.2&#8243; _module_preset=&#8221;default&#8221; background_color=&#8221;#161920&#8243; background_enable_image=&#8221;off&#8221; background_size=&#8221;contain&#8221; background_position=&#8221;center_right&#8221; background_horizontal_offset=&#8221;18%&#8221; custom_padding=&#8221;100px||100px||false|false&#8221; custom_padding_tablet=&#8221;100px||100px||false|false&#8221; custom_padding_phone=&#8221;90px||90px||false|false&#8221; global_colors_info=&#8221;{}&#8221;][et_pb_row use_custom_gutter=&#8221;on&#8221; gutter_width=&#8221;2&#8243; make_equal=&#8221;on&#8221; _builder_version=&#8221;4.24.2&#8243; _module_preset=&#8221;default&#8221; positioning=&#8221;absolute&#8221; vertical_offset=&#8221;-400px&#8221; horizontal_offset=&#8221;0px&#8221; z_index=&#8221;0&#8243; vertical_offset_tablet=&#8221;-555px&#8221; vertical_offset_phone=&#8221;-650px&#8221; vertical_offset_last_edited=&#8221;on|phone&#8221; horizontal_offset_tablet=&#8221;0px&#8221; horizontal_offset_last_edited=&#8221;off|desktop&#8221; width=&#8221;100%&#8221; width_phone=&#8221;90%&#8221; width_last_edited=&#8221;off|desktop&#8221; max_width=&#8221;100%&#8221; custom_margin=&#8221;0px||0px||false|false&#8221; custom_padding=&#8221;0px||0px||false|false&#8221; global_colors_info=&#8221;{}&#8221;][et_pb_column type=&#8221;4_4&#8243; _builder_version=&#8221;4.24.2&#8243; _module_preset=&#8221;default&#8221; background_enable_color=&#8221;off&#8221; z_index=&#8221;10&#8243; custom_padding=&#8221;0px|0px|0px|0px|false|false&#8221; global_colors_info=&#8221;{}&#8221;][et_pb_image src=&#8221;https:\/\/mkp.lu\/wp-content\/uploads\/2024\/04\/Frame-1000002628-1.png&#8221; title_text=&#8221;Frame 1000002628 (1)&#8221; _builder_version=&#8221;4.24.2&#8243; _module_preset=&#8221;default&#8221; global_colors_info=&#8221;{}&#8221;][\/et_pb_image][\/et_pb_column][\/et_pb_row][et_pb_row use_custom_gutter=&#8221;on&#8221; gutter_width=&#8221;2&#8243; make_equal=&#8221;on&#8221; _builder_version=&#8221;4.24.2&#8243; _module_preset=&#8221;default&#8221; width_tablet=&#8221;&#8221; width_phone=&#8221;90%&#8221; width_last_edited=&#8221;on|phone&#8221; custom_margin=&#8221;0px||0px||false|false&#8221; custom_padding=&#8221;0px||0px||false|false&#8221; global_colors_info=&#8221;{}&#8221;][et_pb_column type=&#8221;4_4&#8243; _builder_version=&#8221;4.24.2&#8243; _module_preset=&#8221;default&#8221; custom_padding=&#8221;0px|0px|0px|0px|false|false&#8221; global_colors_info=&#8221;{}&#8221;][et_pb_icon font_icon=&#8221;&#xf45c;||fa||900&#8243; icon_color=&#8221;#0f1015&#8243; icon_width=&#8221;200px&#8221; _builder_version=&#8221;4.24.2&#8243; _module_preset=&#8221;default&#8221; positioning=&#8221;absolute&#8221; vertical_offset=&#8221;-99px&#8221; horizontal_offset=&#8221;-121px&#8221; vertical_offset_tablet=&#8221;-99px&#8221; vertical_offset_phone=&#8221;-89px&#8221; vertical_offset_last_edited=&#8221;on|phone&#8221; horizontal_offset_tablet=&#8221;-121px&#8221; horizontal_offset_phone=&#8221;-121px&#8221; horizontal_offset_last_edited=&#8221;on|desktop&#8221; position_origin_a_tablet=&#8221;&#8221; position_origin_a_phone=&#8221;&#8221; position_origin_a_last_edited=&#8221;on|desktop&#8221; position_origin_f_tablet=&#8221;&#8221; position_origin_f_phone=&#8221;&#8221; position_origin_f_last_edited=&#8221;on|desktop&#8221; position_origin_r_tablet=&#8221;&#8221; position_origin_r_phone=&#8221;&#8221; position_origin_r_last_edited=&#8221;on|desktop&#8221; custom_margin=&#8221;0px||0px||false|false&#8221; custom_padding=&#8221;0px||0px||false|false&#8221; positioning_tablet=&#8221;absolute&#8221; positioning_phone=&#8221;absolute&#8221; positioning_last_edited=&#8221;on|desktop&#8221; global_colors_info=&#8221;{}&#8221;][\/et_pb_icon][et_pb_code _builder_version=&#8221;4.24.2&#8243; _module_preset=&#8221;default&#8221; global_colors_info=&#8221;{}&#8221;]<iframe src=\"https:\/\/www.google.com\/maps\/embed?pb=!1m18!1m12!1m3!1d270.276672024918!2d6.2155537899604045!3d49.87402572857502!2m3!1f0!2f0!3f0!3m2!1i1024!2i768!4f13.1!3m3!1m2!1s0x47bffd3edeb90dcf%3A0x4a44794df59d6dea!2sMenuiserie%20Kraemer%20%26%20Partners%20(MKP)!5e0!3m2!1sen!2slu!4v1712219834571!5m2!1sen!2slu\" width=\"100%\" height=\"450\" style=\"border:0;\" allowfullscreen=\"\" loading=\"lazy\" referrerpolicy=\"no-referrer-when-downgrade\"><\/iframe>[\/et_pb_code][\/et_pb_column][\/et_pb_row][et_pb_row use_custom_gutter=&#8221;on&#8221; gutter_width=&#8221;2&#8243; make_equal=&#8221;on&#8221; _builder_version=&#8221;4.24.2&#8243; _module_preset=&#8221;default&#8221; width_tablet=&#8221;&#8221; width_phone=&#8221;90%&#8221; width_last_edited=&#8221;on|phone&#8221; custom_margin=&#8221;0px||0px||false|false&#8221; custom_padding=&#8221;0px||0px||false|false&#8221; global_colors_info=&#8221;{}&#8221;][et_pb_column type=&#8221;4_4&#8243; _builder_version=&#8221;4.24.2&#8243; _module_preset=&#8221;default&#8221; custom_padding=&#8221;0px|0px|0px|0px|false|false&#8221; global_colors_info=&#8221;{}&#8221;][et_pb_text _builder_version=&#8221;4.24.2&#8243; _module_preset=&#8221;default&#8221; text_font=&#8221;Inter|300||on|||||&#8221; text_text_color=&#8221;#c7b9ac&#8221; text_font_size=&#8221;12px&#8221; text_letter_spacing=&#8221;4px&#8221; text_line_height=&#8221;20px&#8221; text_orientation=&#8221;center&#8221; width=&#8221;100%&#8221; module_alignment=&#8221;center&#8221; height=&#8221;20px&#8221; global_colors_info=&#8221;{}&#8221;]<\/p>\n<p>See our location on the map below to visit us in person<\/p>\n<p>[\/et_pb_text][\/et_pb_column][\/et_pb_row][\/et_pb_section]<\/p>\n","protected":false},"excerpt":{"rendered":"<p>Carpentry kraemerContactNeed advice or ready to make your project a reality? Contact us and let us bring your ideas to life! Contact informationKraemer joinery8, FraeschegaassmL-9353 Bettendorf LuxembourgPhone(+352) 80 92 18 1E-mailinfo@mkp.luMonday to Friday07:30 &#8211; 12:00, 12:30 &#8211; 17:00Fill in our online contact formSee our location on the map below to visit us in person<\/p>\n","protected":false},"author":2,"featured_media":0,"parent":0,"menu_order":0,"comment_status":"closed","ping_status":"closed","template":"","meta":{"_acf_changed":false,"_et_pb_use_builder":"on","_et_pb_old_content":"","_et_gb_content_width":"","footnotes":""},"class_list":["post-1779","page","type-page","status-publish","hentry"],"acf":[],"_links":{"self":[{"href":"https:\/\/mkp.lu\/en\/wp-json\/wp\/v2\/pages\/1779","targetHints":{"allow":["GET"]}}],"collection":[{"href":"https:\/\/mkp.lu\/en\/wp-json\/wp\/v2\/pages"}],"about":[{"href":"https:\/\/mkp.lu\/en\/wp-json\/wp\/v2\/types\/page"}],"author":[{"embeddable":true,"href":"https:\/\/mkp.lu\/en\/wp-json\/wp\/v2\/users\/2"}],"replies":[{"embeddable":true,"href":"https:\/\/mkp.lu\/en\/wp-json\/wp\/v2\/comments?post=1779"}],"version-history":[{"count":0,"href":"https:\/\/mkp.lu\/en\/wp-json\/wp\/v2\/pages\/1779\/revisions"}],"wp:attachment":[{"href":"https:\/\/mkp.lu\/en\/wp-json\/wp\/v2\/media?parent=1779"}],"curies":[{"name":"wp","href":"https:\/\/api.w.org\/{rel}","templated":true}]}}